{"id":5990,"date":"2023-03-28T15:30:39","date_gmt":"2023-03-28T13:30:39","guid":{"rendered":"https:\/\/materassimaxbel.it\/?post_type=product&#038;p=5990"},"modified":"2023-03-28T15:31:07","modified_gmt":"2023-03-28T13:31:07","slug":"topper-hd","status":"publish","type":"product","link":"https:\/\/materassimaxbel.it\/?product=topper-hd","title":{"rendered":"Topper HD"},"content":{"rendered":"<p>Il topper Dorelan HD \u00e8 un topper in Myform ad alta densit\u00e0 alto 3.5 cm.<\/p>\n<p>L&#8217;interno della lastra \u00e8 composto da un unico strato in Myform Memory Air HD, ergonomico e confortevole. Il rivestimento \u00e8 dotato di cerniera che lo rende sfoderabile e lavabile in lavatrice a 30\u00b0.<\/p>\n<p>Sostegno: MEDIUM<\/p>\n<p>Caratteristiche:<\/p>\n<ul>\n<li>Altezza: 3.5cm<\/li>\n<li>Ipoallergenico<\/li>\n<li>Lavaggio 30\u00b0 solo rivestimento<\/li>\n<li>Imbottitura in Myform Memory Air HD<\/li>\n<li>Tessuto in Viscosa e Microfibra di poliestere<\/li>\n<li>Sfoderablile<\/li>\n<\/ul>\n","protected":false},"excerpt":{"rendered":"<p>Il topper Dorelan HD \u00e8 un topper in Myform ad alta densit\u00e0 alto 3.5 cm. L&#8217;interno della lastra \u00e8 composto da un unico strato in Myform Memory Air HD, ergonomico e confortevole. Il rivestimento \u00e8 dotato di cerniera che lo rende sfoderabile e lavabile in lavatrice a 30\u00b0. Sostegno: MEDIUM Caratteristiche: Altezza: 3.5cm Ipoallergenico Lavaggio &hellip;<\/p>\n<p class=\"read-more\"> <a class=\"\" href=\"https:\/\/materassimaxbel.it\/?product=topper-hd\"> <span class=\"screen-reader-text\">Topper HD<\/span> Read More &raquo;<\/a><\/p>\n","protected":false},"featured_media":5991,"comment_status":"open","ping_status":"closed","template":"","meta":{"site-sidebar-layout":"default","site-content-layout":"default","ast-global-header-display":"","ast-main-header-display":"","ast-hfb-above-header-display":"","ast-hfb-below-header-display":"","ast-hfb-mobile-header-display":"","site-post-title":"","ast-breadcrumbs-content":"","ast-featured-img":"","footer-sml-layout":"","theme-transparent-header-meta":"default","adv-header-id-meta":"","stick-header-meta":"","header-above-stick-meta":"","header-main-stick-meta":"","header-below-stick-meta":""},"product_cat":[16,58,59],"product_tag":[],"_links":{"self":[{"href":"https:\/\/materassimaxbel.it\/index.php?rest_route=\/wp\/v2\/product\/5990"}],"collection":[{"href":"https:\/\/materassimaxbel.it\/index.php?rest_route=\/wp\/v2\/product"}],"about":[{"href":"https:\/\/materassimaxbel.it\/index.php?rest_route=\/wp\/v2\/types\/product"}],"replies":[{"embeddable":true,"href":"https:\/\/materassimaxbel.it\/index.php?rest_route=%2Fwp%2Fv2%2Fcomments&post=5990"}],"wp:featuredmedia":[{"embeddable":true,"href":"https:\/\/materassimaxbel.it\/index.php?rest_route=\/wp\/v2\/media\/5991"}],"wp:attachment":[{"href":"https:\/\/materassimaxbel.it\/index.php?rest_route=%2Fwp%2Fv2%2Fmedia&parent=5990"}],"wp:term":[{"taxonomy":"product_cat","embeddable":true,"href":"https:\/\/materassimaxbel.it\/index.php?rest_route=%2Fwp%2Fv2%2Fproduct_cat&post=5990"},{"taxonomy":"product_tag","embeddable":true,"href":"https:\/\/materassimaxbel.it\/index.php?rest_route=%2Fwp%2Fv2%2Fproduct_tag&post=5990"}],"curies":[{"name":"wp","href":"https:\/\/api.w.org\/{rel}","templated":true}]}}