{"id":5903,"date":"2023-03-17T15:38:37","date_gmt":"2023-03-17T14:38:37","guid":{"rendered":"https:\/\/materassimaxbel.it\/?post_type=product&#038;p=5903"},"modified":"2023-03-17T15:40:16","modified_gmt":"2023-03-17T14:40:16","slug":"type","status":"publish","type":"product","link":"https:\/\/materassimaxbel.it\/?product=type","title":{"rendered":"Type"},"content":{"rendered":"<p>La rete Epeda Type \u00e8 una rete solidissima, sicura e resistente, costruita in acciaio per soddisfare le esigenze di coloro che desiderano la massima solidit\u00e0 e un&#8217;altissima stabilit\u00e0 uniti a sostegno preciso ed ergonomia.<\/p>\n<p>Il telaio di Type \u00e8 realizzato in ferro curvato la cui forma ne garantisce la perfetta stabilit\u00e0 all&#8217;interno del letto.<\/p>\n<p>Le doghe sono realizzate in legno di faggio a sette strati e profilati nella zona delle spalle per accogliere al meglio il corpo disteso. I cursori, permettono di regolare il sostegno nella zona centrale della rete.<\/p>\n<p>Caratteristiche:<\/p>\n<ul>\n<li>Larghezza doghe: 68mm<\/li>\n<li>Telaio 50x30mm in ferro curvato<\/li>\n<li>Doghe in multistrato di faggio<\/li>\n<\/ul>\n","protected":false},"excerpt":{"rendered":"<p>La rete Epeda Type \u00e8 una rete solidissima, sicura e resistente, costruita in acciaio per soddisfare le esigenze di coloro che desiderano la massima solidit\u00e0 e un&#8217;altissima stabilit\u00e0 uniti a sostegno preciso ed ergonomia. Il telaio di Type \u00e8 realizzato in ferro curvato la cui forma ne garantisce la perfetta stabilit\u00e0 all&#8217;interno del letto. Le &hellip;<\/p>\n<p class=\"read-more\"> <a class=\"\" href=\"https:\/\/materassimaxbel.it\/?product=type\"> <span class=\"screen-reader-text\">Type<\/span> Read More &raquo;<\/a><\/p>\n","protected":false},"featured_media":5904,"comment_status":"open","ping_status":"closed","template":"","meta":{"site-sidebar-layout":"default","site-content-layout":"default","ast-global-header-display":"","ast-main-header-display":"","ast-hfb-above-header-display":"","ast-hfb-below-header-display":"","ast-hfb-mobile-header-display":"","site-post-title":"","ast-breadcrumbs-content":"","ast-featured-img":"","footer-sml-layout":"","theme-transparent-header-meta":"default","adv-header-id-meta":"","stick-header-meta":"","header-above-stick-meta":"","header-main-stick-meta":"","header-below-stick-meta":""},"product_cat":[50,54,53],"product_tag":[],"_links":{"self":[{"href":"https:\/\/materassimaxbel.it\/index.php?rest_route=\/wp\/v2\/product\/5903"}],"collection":[{"href":"https:\/\/materassimaxbel.it\/index.php?rest_route=\/wp\/v2\/product"}],"about":[{"href":"https:\/\/materassimaxbel.it\/index.php?rest_route=\/wp\/v2\/types\/product"}],"replies":[{"embeddable":true,"href":"https:\/\/materassimaxbel.it\/index.php?rest_route=%2Fwp%2Fv2%2Fcomments&post=5903"}],"wp:featuredmedia":[{"embeddable":true,"href":"https:\/\/materassimaxbel.it\/index.php?rest_route=\/wp\/v2\/media\/5904"}],"wp:attachment":[{"href":"https:\/\/materassimaxbel.it\/index.php?rest_route=%2Fwp%2Fv2%2Fmedia&parent=5903"}],"wp:term":[{"taxonomy":"product_cat","embeddable":true,"href":"https:\/\/materassimaxbel.it\/index.php?rest_route=%2Fwp%2Fv2%2Fproduct_cat&post=5903"},{"taxonomy":"product_tag","embeddable":true,"href":"https:\/\/materassimaxbel.it\/index.php?rest_route=%2Fwp%2Fv2%2Fproduct_tag&post=5903"}],"curies":[{"name":"wp","href":"https:\/\/api.w.org\/{rel}","templated":true}]}}