{"id":5896,"date":"2023-03-17T15:21:01","date_gmt":"2023-03-17T14:21:01","guid":{"rendered":"https:\/\/materassimaxbel.it\/?post_type=product&#038;p=5896"},"modified":"2023-03-17T15:40:50","modified_gmt":"2023-03-17T14:40:50","slug":"strong-modello-base","status":"publish","type":"product","link":"https:\/\/materassimaxbel.it\/?product=strong-modello-base","title":{"rendered":"Strong Modello Base"},"content":{"rendered":"<p>La rete Epeda Strong Modello Base \u00e8 una rete forte, resistente e duratura, \u00e8 costruita in legno e progettata per garantire un sostegno stabile e sicuro per qualsiasi tipo di materasso Epeda.<\/p>\n<p>La robustezza della rete Strong \u00e8 data da un telaio multistrato costruito in legno di faggio ad alto spessore. Gli invasi di alloggiamento delle doghe sono realizzati in una speciale resina termoplastica e agevolano il perfetto funzionamento del movimento della doga sotto carico.<\/p>\n<p>Questa rete \u00e8 dotata di cursori di regolazione di rigidit\u00e0 delle doghe che consentono di personalizzarne la rigidit\u00e0 in punti specifici.<\/p>\n<p>Caratteristiche:<\/p>\n<ul>\n<li>Larghezza doghe: 68mm<\/li>\n<li>Telaio 70&#215;30 mm multistrato in legno di faggio<\/li>\n<li>Doghe in multistrato di faggio<\/li>\n<\/ul>\n","protected":false},"excerpt":{"rendered":"<p>La rete Epeda Strong Modello Base \u00e8 una rete forte, resistente e duratura, \u00e8 costruita in legno e progettata per garantire un sostegno stabile e sicuro per qualsiasi tipo di materasso Epeda. La robustezza della rete Strong \u00e8 data da un telaio multistrato costruito in legno di faggio ad alto spessore. Gli invasi di alloggiamento &hellip;<\/p>\n<p class=\"read-more\"> <a class=\"\" href=\"https:\/\/materassimaxbel.it\/?product=strong-modello-base\"> <span class=\"screen-reader-text\">Strong Modello Base<\/span> Read More &raquo;<\/a><\/p>\n","protected":false},"featured_media":5897,"comment_status":"open","ping_status":"closed","template":"","meta":{"site-sidebar-layout":"default","site-content-layout":"default","ast-global-header-display":"","ast-main-header-display":"","ast-hfb-above-header-display":"","ast-hfb-below-header-display":"","ast-hfb-mobile-header-display":"","site-post-title":"","ast-breadcrumbs-content":"","ast-featured-img":"","footer-sml-layout":"","theme-transparent-header-meta":"default","adv-header-id-meta":"","stick-header-meta":"","header-above-stick-meta":"","header-main-stick-meta":"","header-below-stick-meta":""},"product_cat":[50,54,53],"product_tag":[],"_links":{"self":[{"href":"https:\/\/materassimaxbel.it\/index.php?rest_route=\/wp\/v2\/product\/5896"}],"collection":[{"href":"https:\/\/materassimaxbel.it\/index.php?rest_route=\/wp\/v2\/product"}],"about":[{"href":"https:\/\/materassimaxbel.it\/index.php?rest_route=\/wp\/v2\/types\/product"}],"replies":[{"embeddable":true,"href":"https:\/\/materassimaxbel.it\/index.php?rest_route=%2Fwp%2Fv2%2Fcomments&post=5896"}],"wp:featuredmedia":[{"embeddable":true,"href":"https:\/\/materassimaxbel.it\/index.php?rest_route=\/wp\/v2\/media\/5897"}],"wp:attachment":[{"href":"https:\/\/materassimaxbel.it\/index.php?rest_route=%2Fwp%2Fv2%2Fmedia&parent=5896"}],"wp:term":[{"taxonomy":"product_cat","embeddable":true,"href":"https:\/\/materassimaxbel.it\/index.php?rest_route=%2Fwp%2Fv2%2Fproduct_cat&post=5896"},{"taxonomy":"product_tag","embeddable":true,"href":"https:\/\/materassimaxbel.it\/index.php?rest_route=%2Fwp%2Fv2%2Fproduct_tag&post=5896"}],"curies":[{"name":"wp","href":"https:\/\/api.w.org\/{rel}","templated":true}]}}