{"id":5894,"date":"2023-03-17T15:14:41","date_gmt":"2023-03-17T14:14:41","guid":{"rendered":"https:\/\/materassimaxbel.it\/?post_type=product&#038;p=5894"},"modified":"2023-03-17T15:41:00","modified_gmt":"2023-03-17T14:41:00","slug":"sound-motorizzata","status":"publish","type":"product","link":"https:\/\/materassimaxbel.it\/?product=sound-motorizzata","title":{"rendered":"Sound Motorizzata"},"content":{"rendered":"<p>La rete Epeda Sound Motorizzata \u00e8 una rete solida, elastica e resistente per un sostegno a tutto comfort. Questa rete \u00e8 costruita in legno e resa eccellente nella performance da un sistema di sospensione a doghe ammortizzate a 7 zone differenziate.<\/p>\n<p>Il telaio multistrato \u00e8 in legno di faggio, le doghe sono ad alto spessore e profilate nella zona spalle, inoltre \u00e8 dotata di cursori che consentono di regolare il livello di rigidit\u00e0 delle doghe.<\/p>\n<p>Questa rete \u00e8 dotata di un telecomando ad infrarossi che ne consente il movimento elettrico alzatesta, alzapiedi e alzaguanciale, grazie a snodi indipendenti.<\/p>\n<p>Caratteristiche:<\/p>\n<ul>\n<li>Larghezza doghe: 38mm<\/li>\n<li>Telaio 70&#215;30 mm multistrato in legno di faggio<\/li>\n<li>Doghe in multistrato di faggio<\/li>\n<li>Telecomando a radiofrequenza<\/li>\n<\/ul>\n","protected":false},"excerpt":{"rendered":"<p>La rete Epeda Sound Motorizzata \u00e8 una rete solida, elastica e resistente per un sostegno a tutto comfort. Questa rete \u00e8 costruita in legno e resa eccellente nella performance da un sistema di sospensione a doghe ammortizzate a 7 zone differenziate. Il telaio multistrato \u00e8 in legno di faggio, le doghe sono ad alto spessore &hellip;<\/p>\n<p class=\"read-more\"> <a class=\"\" href=\"https:\/\/materassimaxbel.it\/?product=sound-motorizzata\"> <span class=\"screen-reader-text\">Sound Motorizzata<\/span> Read More &raquo;<\/a><\/p>\n","protected":false},"featured_media":5895,"comment_status":"open","ping_status":"closed","template":"","meta":{"site-sidebar-layout":"default","site-content-layout":"default","ast-global-header-display":"","ast-main-header-display":"","ast-hfb-above-header-display":"","ast-hfb-below-header-display":"","ast-hfb-mobile-header-display":"","site-post-title":"","ast-breadcrumbs-content":"","ast-featured-img":"","footer-sml-layout":"","theme-transparent-header-meta":"default","adv-header-id-meta":"","stick-header-meta":"","header-above-stick-meta":"","header-main-stick-meta":"","header-below-stick-meta":""},"product_cat":[50,54,53],"product_tag":[],"_links":{"self":[{"href":"https:\/\/materassimaxbel.it\/index.php?rest_route=\/wp\/v2\/product\/5894"}],"collection":[{"href":"https:\/\/materassimaxbel.it\/index.php?rest_route=\/wp\/v2\/product"}],"about":[{"href":"https:\/\/materassimaxbel.it\/index.php?rest_route=\/wp\/v2\/types\/product"}],"replies":[{"embeddable":true,"href":"https:\/\/materassimaxbel.it\/index.php?rest_route=%2Fwp%2Fv2%2Fcomments&post=5894"}],"wp:featuredmedia":[{"embeddable":true,"href":"https:\/\/materassimaxbel.it\/index.php?rest_route=\/wp\/v2\/media\/5895"}],"wp:attachment":[{"href":"https:\/\/materassimaxbel.it\/index.php?rest_route=%2Fwp%2Fv2%2Fmedia&parent=5894"}],"wp:term":[{"taxonomy":"product_cat","embeddable":true,"href":"https:\/\/materassimaxbel.it\/index.php?rest_route=%2Fwp%2Fv2%2Fproduct_cat&post=5894"},{"taxonomy":"product_tag","embeddable":true,"href":"https:\/\/materassimaxbel.it\/index.php?rest_route=%2Fwp%2Fv2%2Fproduct_tag&post=5894"}],"curies":[{"name":"wp","href":"https:\/\/api.w.org\/{rel}","templated":true}]}}