{"id":5883,"date":"2023-03-17T14:58:30","date_gmt":"2023-03-17T13:58:30","guid":{"rendered":"https:\/\/materassimaxbel.it\/?post_type=product&#038;p=5883"},"modified":"2023-03-17T14:58:30","modified_gmt":"2023-03-17T13:58:30","slug":"natural-68-elettrica","status":"publish","type":"product","link":"https:\/\/materassimaxbel.it\/?product=natural-68-elettrica","title":{"rendered":"Natural 68 Elettrica"},"content":{"rendered":"<p>La rete Dorelan Natural 68 Elettrica \u00e8 stata ideata per garantire il massimo sostegno al sistema letto per ogni tipo di materasso in MyForm e ne garantisce l&#8217;elasticit\u00e0 e il corretto funzionamento.<\/p>\n<p>La rete Natural 68 \u00e8 disponibile anche nella versione fissa.<\/p>\n<p>Tecnologie: Invaso doga Natural, Comfort Shoulder, regolazione di rigidit\u00e0 e snodo classico.<\/p>\n<p>Caratteristiche:<\/p>\n<ul>\n<li>Larghezza Doga: 68mm<\/li>\n<li>Telaio in legno verniciato 60&#215;30 mm<\/li>\n<li>Telecomando a radiofrequenza (versione elettrica)<\/li>\n<li>Disponibile in 33 misure<\/li>\n<\/ul>\n","protected":false},"excerpt":{"rendered":"<p>La rete Dorelan Natural 68 Elettrica \u00e8 stata ideata per garantire il massimo sostegno al sistema letto per ogni tipo di materasso in MyForm e ne garantisce l&#8217;elasticit\u00e0 e il corretto funzionamento. La rete Natural 68 \u00e8 disponibile anche nella versione fissa. Tecnologie: Invaso doga Natural, Comfort Shoulder, regolazione di rigidit\u00e0 e snodo classico. Caratteristiche: &hellip;<\/p>\n<p class=\"read-more\"> <a class=\"\" href=\"https:\/\/materassimaxbel.it\/?product=natural-68-elettrica\"> <span class=\"screen-reader-text\">Natural 68 Elettrica<\/span> Read More &raquo;<\/a><\/p>\n","protected":false},"featured_media":5884,"comment_status":"open","ping_status":"closed","template":"","meta":{"site-sidebar-layout":"default","site-content-layout":"default","ast-global-header-display":"","ast-main-header-display":"","ast-hfb-above-header-display":"","ast-hfb-below-header-display":"","ast-hfb-mobile-header-display":"","site-post-title":"","ast-breadcrumbs-content":"","ast-featured-img":"","footer-sml-layout":"","theme-transparent-header-meta":"default","adv-header-id-meta":"","stick-header-meta":"","header-above-stick-meta":"","header-main-stick-meta":"","header-below-stick-meta":""},"product_cat":[50,51],"product_tag":[],"_links":{"self":[{"href":"https:\/\/materassimaxbel.it\/index.php?rest_route=\/wp\/v2\/product\/5883"}],"collection":[{"href":"https:\/\/materassimaxbel.it\/index.php?rest_route=\/wp\/v2\/product"}],"about":[{"href":"https:\/\/materassimaxbel.it\/index.php?rest_route=\/wp\/v2\/types\/product"}],"replies":[{"embeddable":true,"href":"https:\/\/materassimaxbel.it\/index.php?rest_route=%2Fwp%2Fv2%2Fcomments&post=5883"}],"wp:featuredmedia":[{"embeddable":true,"href":"https:\/\/materassimaxbel.it\/index.php?rest_route=\/wp\/v2\/media\/5884"}],"wp:attachment":[{"href":"https:\/\/materassimaxbel.it\/index.php?rest_route=%2Fwp%2Fv2%2Fmedia&parent=5883"}],"wp:term":[{"taxonomy":"product_cat","embeddable":true,"href":"https:\/\/materassimaxbel.it\/index.php?rest_route=%2Fwp%2Fv2%2Fproduct_cat&post=5883"},{"taxonomy":"product_tag","embeddable":true,"href":"https:\/\/materassimaxbel.it\/index.php?rest_route=%2Fwp%2Fv2%2Fproduct_tag&post=5883"}],"curies":[{"name":"wp","href":"https:\/\/api.w.org\/{rel}","templated":true}]}}