{"id":5691,"date":"2023-03-10T16:14:24","date_gmt":"2023-03-10T15:14:24","guid":{"rendered":"https:\/\/materassimaxbel.it\/?post_type=product&#038;p=5691"},"modified":"2023-03-10T16:35:51","modified_gmt":"2023-03-10T15:35:51","slug":"inside","status":"publish","type":"product","link":"https:\/\/materassimaxbel.it\/?product=inside","title":{"rendered":"Inside"},"content":{"rendered":"<p>Il materasso Bultex Inside \u00e8 un materasso ergonomico in Bultex Core, Bultex Plus e Memory che offrono un comfort eccellente unito ad elasticit\u00e0 e sostegno.<\/p>\n<p>Questo materasso \u00e8 dedicato a chi ama un sostegno elevato, una perfetta elasticit\u00e0 e non vuole rinunciare ad un comfort eccellente.<\/p>\n<p>Il lato A offre una perfetta accoglienza grazie al Bultex Plus posto su questo lato, mantenendo un sostegno deciso e una perfetta accoglienza di tutte le zone del corpo grazie alla sinergia degli inserti cilindrici in Memory Red.<\/p>\n<p>Il lato B offre un elevato sostegno grazie all&#8217;abbinamento del Bultex Core, ergonomico ed aerato con la struttura in Bultex Plus perfettamente elastico e reattivo.<\/p>\n<p>Il rivestimento di Inside \u00e8 Practice ed \u00e8 disponibile in tre differenti versioni:<\/p>\n<ul>\n<li>FITPLUS: fodera high comfort<\/li>\n<li>HEALTHPLUS: fodera anallergica<\/li>\n<li>SLIMPLUS: fodera basso spessore<\/li>\n<\/ul>\n","protected":false},"excerpt":{"rendered":"<p>Il materasso Bultex Inside \u00e8 un materasso ergonomico in Bultex Core, Bultex Plus e Memory che offrono un comfort eccellente unito ad elasticit\u00e0 e sostegno. Questo materasso \u00e8 dedicato a chi ama un sostegno elevato, una perfetta elasticit\u00e0 e non vuole rinunciare ad un comfort eccellente. Il lato A offre una perfetta accoglienza grazie al &hellip;<\/p>\n<p class=\"read-more\"> <a class=\"\" href=\"https:\/\/materassimaxbel.it\/?product=inside\"> <span class=\"screen-reader-text\">Inside<\/span> Read More &raquo;<\/a><\/p>\n","protected":false},"featured_media":5692,"comment_status":"open","ping_status":"closed","template":"","meta":{"site-sidebar-layout":"default","site-content-layout":"default","ast-global-header-display":"","ast-main-header-display":"","ast-hfb-above-header-display":"","ast-hfb-below-header-display":"","ast-hfb-mobile-header-display":"","site-post-title":"","ast-breadcrumbs-content":"","ast-featured-img":"","footer-sml-layout":"","theme-transparent-header-meta":"default","adv-header-id-meta":"","stick-header-meta":"","header-above-stick-meta":"","header-main-stick-meta":"","header-below-stick-meta":""},"product_cat":[46,49],"product_tag":[],"_links":{"self":[{"href":"https:\/\/materassimaxbel.it\/index.php?rest_route=\/wp\/v2\/product\/5691"}],"collection":[{"href":"https:\/\/materassimaxbel.it\/index.php?rest_route=\/wp\/v2\/product"}],"about":[{"href":"https:\/\/materassimaxbel.it\/index.php?rest_route=\/wp\/v2\/types\/product"}],"replies":[{"embeddable":true,"href":"https:\/\/materassimaxbel.it\/index.php?rest_route=%2Fwp%2Fv2%2Fcomments&post=5691"}],"wp:featuredmedia":[{"embeddable":true,"href":"https:\/\/materassimaxbel.it\/index.php?rest_route=\/wp\/v2\/media\/5692"}],"wp:attachment":[{"href":"https:\/\/materassimaxbel.it\/index.php?rest_route=%2Fwp%2Fv2%2Fmedia&parent=5691"}],"wp:term":[{"taxonomy":"product_cat","embeddable":true,"href":"https:\/\/materassimaxbel.it\/index.php?rest_route=%2Fwp%2Fv2%2Fproduct_cat&post=5691"},{"taxonomy":"product_tag","embeddable":true,"href":"https:\/\/materassimaxbel.it\/index.php?rest_route=%2Fwp%2Fv2%2Fproduct_tag&post=5691"}],"curies":[{"name":"wp","href":"https:\/\/api.w.org\/{rel}","templated":true}]}}