{"id":5664,"date":"2023-03-10T15:10:22","date_gmt":"2023-03-10T14:10:22","guid":{"rendered":"https:\/\/materassimaxbel.it\/?post_type=product&#038;p=5664"},"modified":"2023-03-10T16:34:07","modified_gmt":"2023-03-10T15:34:07","slug":"astro","status":"publish","type":"product","link":"https:\/\/materassimaxbel.it\/?product=astro","title":{"rendered":"Astro"},"content":{"rendered":"<p>Il materasso Bultex Astro \u00e8 un materasso ergonomico in bultex core e memory che offre una perfetta ergonomia unita a comfort e sostegno.<\/p>\n<p>Questo materasso \u00e8 dotato di uno strato in Memory Red posizionato in modo asimmetrico rispetto ai due strati in Bultex Core \u00a0che fa si che il materasso assecondi perfettamente la morfologia del corpo.<\/p>\n<p>Il Lato A assicura una perfetta ergonomia grazie allo strato superficiale in Bultex Core a basso spessore che gli dona una perfetta elasticit\u00e0 e lavora in sinergia con l&#8217;inserto interno in Memory Red che fornisce un sostegno differenziato in base alle zone del corpo.<\/p>\n<p>Il Lato B ne garantisce il sostegno e l&#8217;elasticit\u00e0 grazie allo strado di Bultex Core ad alto spessore, mentre l&#8217;inserto continuo in Memory Red posto pi\u00f9 lontano dalla superficie del materasso ne consente un&#8217;ergonomia precisa in ogni zona del corpo.<\/p>\n<p>Il rivestimento di Astro \u00e8 Practice ed \u00e8 sfoderabile e lavabile; \u00e8 disponibile in cinque differenti versioni:<\/p>\n<ul>\n<li>ICE CARE: fodera anallergica fresca<\/li>\n<li>SEASON: fodera climatizzata<\/li>\n<li>FEEL: fodera high comfort<\/li>\n<li>SLIM: fodera basso spessore<\/li>\n<li>ONE: fodera anallergica base<\/li>\n<\/ul>\n","protected":false},"excerpt":{"rendered":"<p>Il materasso Bultex Astro \u00e8 un materasso ergonomico in bultex core e memory che offre una perfetta ergonomia unita a comfort e sostegno. Questo materasso \u00e8 dotato di uno strato in Memory Red posizionato in modo asimmetrico rispetto ai due strati in Bultex Core \u00a0che fa si che il materasso assecondi perfettamente la morfologia del &hellip;<\/p>\n<p class=\"read-more\"> <a class=\"\" href=\"https:\/\/materassimaxbel.it\/?product=astro\"> <span class=\"screen-reader-text\">Astro<\/span> Read More &raquo;<\/a><\/p>\n","protected":false},"featured_media":5665,"comment_status":"open","ping_status":"closed","template":"","meta":{"site-sidebar-layout":"default","site-content-layout":"default","ast-global-header-display":"","ast-main-header-display":"","ast-hfb-above-header-display":"","ast-hfb-below-header-display":"","ast-hfb-mobile-header-display":"","site-post-title":"","ast-breadcrumbs-content":"","ast-featured-img":"","footer-sml-layout":"","theme-transparent-header-meta":"default","adv-header-id-meta":"","stick-header-meta":"","header-above-stick-meta":"","header-main-stick-meta":"","header-below-stick-meta":""},"product_cat":[46,49],"product_tag":[],"_links":{"self":[{"href":"https:\/\/materassimaxbel.it\/index.php?rest_route=\/wp\/v2\/product\/5664"}],"collection":[{"href":"https:\/\/materassimaxbel.it\/index.php?rest_route=\/wp\/v2\/product"}],"about":[{"href":"https:\/\/materassimaxbel.it\/index.php?rest_route=\/wp\/v2\/types\/product"}],"replies":[{"embeddable":true,"href":"https:\/\/materassimaxbel.it\/index.php?rest_route=%2Fwp%2Fv2%2Fcomments&post=5664"}],"wp:featuredmedia":[{"embeddable":true,"href":"https:\/\/materassimaxbel.it\/index.php?rest_route=\/wp\/v2\/media\/5665"}],"wp:attachment":[{"href":"https:\/\/materassimaxbel.it\/index.php?rest_route=%2Fwp%2Fv2%2Fmedia&parent=5664"}],"wp:term":[{"taxonomy":"product_cat","embeddable":true,"href":"https:\/\/materassimaxbel.it\/index.php?rest_route=%2Fwp%2Fv2%2Fproduct_cat&post=5664"},{"taxonomy":"product_tag","embeddable":true,"href":"https:\/\/materassimaxbel.it\/index.php?rest_route=%2Fwp%2Fv2%2Fproduct_tag&post=5664"}],"curies":[{"name":"wp","href":"https:\/\/api.w.org\/{rel}","templated":true}]}}