{"id":5626,"date":"2023-03-09T17:52:53","date_gmt":"2023-03-09T16:52:53","guid":{"rendered":"https:\/\/materassimaxbel.it\/?post_type=product&#038;p=5626"},"modified":"2023-03-09T17:52:53","modified_gmt":"2023-03-09T16:52:53","slug":"nouvelle-classic","status":"publish","type":"product","link":"https:\/\/materassimaxbel.it\/?product=nouvelle-classic","title":{"rendered":"Nouvelle Classic"},"content":{"rendered":"<p>Il materasso Epeda Nouvelle Classic \u00e8 un materasso a molle ad alto sostegno dotato di tecnologia Massif che ne garantisce solidit\u00e0, sostegno profondo e una straordinaria elasticit\u00e0.<\/p>\n<p>Il rivestimento bordato gli dona raffinatezza ed eleganza ed \u00e8 disponibile in tre differenti versioni (Climat, Vedette e Nuage).<\/p>\n","protected":false},"excerpt":{"rendered":"<p>Il materasso Epeda Nouvelle Classic \u00e8 un materasso a molle ad alto sostegno dotato di tecnologia Massif che ne garantisce solidit\u00e0, sostegno profondo e una straordinaria elasticit\u00e0. Il rivestimento bordato gli dona raffinatezza ed eleganza ed \u00e8 disponibile in tre differenti versioni (Climat, Vedette e Nuage).<\/p>\n","protected":false},"featured_media":5629,"comment_status":"open","ping_status":"closed","template":"","meta":{"site-sidebar-layout":"default","site-content-layout":"default","ast-global-header-display":"","ast-main-header-display":"","ast-hfb-above-header-display":"","ast-hfb-below-header-display":"","ast-hfb-mobile-header-display":"","site-post-title":"","ast-breadcrumbs-content":"","ast-featured-img":"","footer-sml-layout":"","theme-transparent-header-meta":"default","adv-header-id-meta":"","stick-header-meta":"","header-above-stick-meta":"","header-main-stick-meta":"","header-below-stick-meta":""},"product_cat":[46,48],"product_tag":[],"_links":{"self":[{"href":"https:\/\/materassimaxbel.it\/index.php?rest_route=\/wp\/v2\/product\/5626"}],"collection":[{"href":"https:\/\/materassimaxbel.it\/index.php?rest_route=\/wp\/v2\/product"}],"about":[{"href":"https:\/\/materassimaxbel.it\/index.php?rest_route=\/wp\/v2\/types\/product"}],"replies":[{"embeddable":true,"href":"https:\/\/materassimaxbel.it\/index.php?rest_route=%2Fwp%2Fv2%2Fcomments&post=5626"}],"wp:featuredmedia":[{"embeddable":true,"href":"https:\/\/materassimaxbel.it\/index.php?rest_route=\/wp\/v2\/media\/5629"}],"wp:attachment":[{"href":"https:\/\/materassimaxbel.it\/index.php?rest_route=%2Fwp%2Fv2%2Fmedia&parent=5626"}],"wp:term":[{"taxonomy":"product_cat","embeddable":true,"href":"https:\/\/materassimaxbel.it\/index.php?rest_route=%2Fwp%2Fv2%2Fproduct_cat&post=5626"},{"taxonomy":"product_tag","embeddable":true,"href":"https:\/\/materassimaxbel.it\/index.php?rest_route=%2Fwp%2Fv2%2Fproduct_tag&post=5626"}],"curies":[{"name":"wp","href":"https:\/\/api.w.org\/{rel}","templated":true}]}}