{"id":5582,"date":"2023-03-09T16:42:50","date_gmt":"2023-03-09T15:42:50","guid":{"rendered":"https:\/\/materassimaxbel.it\/?post_type=product&#038;p=5582"},"modified":"2023-03-09T16:42:50","modified_gmt":"2023-03-09T15:42:50","slug":"minuit-classic","status":"publish","type":"product","link":"https:\/\/materassimaxbel.it\/?product=minuit-classic","title":{"rendered":"Minuit Classic"},"content":{"rendered":"<p>Il materasso Epeda Minuit Classic \u00e8 dotato di tecnologia Multi-Air Elite con molle High-Tech Synchro.<\/p>\n<p>Questo materasso \u00e8 dotato di un sostegno profondo e deciso e di un&#8217;eccellente ergonomia.<\/p>\n<p>Il rivestimento \u00e8 disponibile in tre differenti versioni (Climat, Vedette e Nuage).<\/p>\n","protected":false},"excerpt":{"rendered":"<p>Il materasso Epeda Minuit Classic \u00e8 dotato di tecnologia Multi-Air Elite con molle High-Tech Synchro. Questo materasso \u00e8 dotato di un sostegno profondo e deciso e di un&#8217;eccellente ergonomia. Il rivestimento \u00e8 disponibile in tre differenti versioni (Climat, Vedette e Nuage).<\/p>\n","protected":false},"featured_media":5584,"comment_status":"open","ping_status":"closed","template":"","meta":{"site-sidebar-layout":"default","site-content-layout":"default","ast-global-header-display":"","ast-main-header-display":"","ast-hfb-above-header-display":"","ast-hfb-below-header-display":"","ast-hfb-mobile-header-display":"","site-post-title":"","ast-breadcrumbs-content":"","ast-featured-img":"","footer-sml-layout":"","theme-transparent-header-meta":"default","adv-header-id-meta":"","stick-header-meta":"","header-above-stick-meta":"","header-main-stick-meta":"","header-below-stick-meta":""},"product_cat":[46,48],"product_tag":[],"_links":{"self":[{"href":"https:\/\/materassimaxbel.it\/index.php?rest_route=\/wp\/v2\/product\/5582"}],"collection":[{"href":"https:\/\/materassimaxbel.it\/index.php?rest_route=\/wp\/v2\/product"}],"about":[{"href":"https:\/\/materassimaxbel.it\/index.php?rest_route=\/wp\/v2\/types\/product"}],"replies":[{"embeddable":true,"href":"https:\/\/materassimaxbel.it\/index.php?rest_route=%2Fwp%2Fv2%2Fcomments&post=5582"}],"wp:featuredmedia":[{"embeddable":true,"href":"https:\/\/materassimaxbel.it\/index.php?rest_route=\/wp\/v2\/media\/5584"}],"wp:attachment":[{"href":"https:\/\/materassimaxbel.it\/index.php?rest_route=%2Fwp%2Fv2%2Fmedia&parent=5582"}],"wp:term":[{"taxonomy":"product_cat","embeddable":true,"href":"https:\/\/materassimaxbel.it\/index.php?rest_route=%2Fwp%2Fv2%2Fproduct_cat&post=5582"},{"taxonomy":"product_tag","embeddable":true,"href":"https:\/\/materassimaxbel.it\/index.php?rest_route=%2Fwp%2Fv2%2Fproduct_tag&post=5582"}],"curies":[{"name":"wp","href":"https:\/\/api.w.org\/{rel}","templated":true}]}}