{"id":5574,"date":"2023-03-09T15:59:52","date_gmt":"2023-03-09T14:59:52","guid":{"rendered":"https:\/\/materassimaxbel.it\/?post_type=product&#038;p=5574"},"modified":"2023-03-09T17:53:20","modified_gmt":"2023-03-09T16:53:20","slug":"unique","status":"publish","type":"product","link":"https:\/\/materassimaxbel.it\/?product=unique","title":{"rendered":"Unique"},"content":{"rendered":"<p>Il materasso Epeda Unique \u00e8 dotato di tecnologia Multi-Air Elite, \u00e8 un materasso a molle insacchettate che offre un sostegno ergonomicamente perfetto. Questo materasso \u00e8 sfoderabile grazie al rivestimento Centenarie, disponibile in 3 differenti versioni (Clima, Vedette e Nuage) ed \u00e8 dotato di imbottitura doppia Pillow Top.<\/p>\n","protected":false},"excerpt":{"rendered":"<p>Il materasso Epeda Unique \u00e8 dotato di tecnologia Multi-Air Elite, \u00e8 un materasso a molle insacchettate che offre un sostegno ergonomicamente perfetto. Questo materasso \u00e8 sfoderabile grazie al rivestimento Centenarie, disponibile in 3 differenti versioni (Clima, Vedette e Nuage) ed \u00e8 dotato di imbottitura doppia Pillow Top.<\/p>\n","protected":false},"featured_media":5575,"comment_status":"open","ping_status":"closed","template":"","meta":{"site-sidebar-layout":"default","site-content-layout":"default","ast-global-header-display":"","ast-main-header-display":"","ast-hfb-above-header-display":"","ast-hfb-below-header-display":"","ast-hfb-mobile-header-display":"","site-post-title":"","ast-breadcrumbs-content":"","ast-featured-img":"","footer-sml-layout":"","theme-transparent-header-meta":"default","adv-header-id-meta":"","stick-header-meta":"","header-above-stick-meta":"","header-main-stick-meta":"","header-below-stick-meta":""},"product_cat":[46,48],"product_tag":[],"_links":{"self":[{"href":"https:\/\/materassimaxbel.it\/index.php?rest_route=\/wp\/v2\/product\/5574"}],"collection":[{"href":"https:\/\/materassimaxbel.it\/index.php?rest_route=\/wp\/v2\/product"}],"about":[{"href":"https:\/\/materassimaxbel.it\/index.php?rest_route=\/wp\/v2\/types\/product"}],"replies":[{"embeddable":true,"href":"https:\/\/materassimaxbel.it\/index.php?rest_route=%2Fwp%2Fv2%2Fcomments&post=5574"}],"wp:featuredmedia":[{"embeddable":true,"href":"https:\/\/materassimaxbel.it\/index.php?rest_route=\/wp\/v2\/media\/5575"}],"wp:attachment":[{"href":"https:\/\/materassimaxbel.it\/index.php?rest_route=%2Fwp%2Fv2%2Fmedia&parent=5574"}],"wp:term":[{"taxonomy":"product_cat","embeddable":true,"href":"https:\/\/materassimaxbel.it\/index.php?rest_route=%2Fwp%2Fv2%2Fproduct_cat&post=5574"},{"taxonomy":"product_tag","embeddable":true,"href":"https:\/\/materassimaxbel.it\/index.php?rest_route=%2Fwp%2Fv2%2Fproduct_tag&post=5574"}],"curies":[{"name":"wp","href":"https:\/\/api.w.org\/{rel}","templated":true}]}}