{"id":5470,"date":"2023-03-06T17:48:25","date_gmt":"2023-03-06T16:48:25","guid":{"rendered":"https:\/\/materassimaxbel.it\/?post_type=product&#038;p=5470"},"modified":"2023-03-08T10:18:23","modified_gmt":"2023-03-08T09:18:23","slug":"arial","status":"publish","type":"product","link":"https:\/\/materassimaxbel.it\/?product=arial","title":{"rendered":"Arial"},"content":{"rendered":"<p>Il materasso Dorelan Arial fonde natura e tecnica per offrire maggior comfort e qualit\u00e0 nel riposo. Il tessuto naturale \u00e8 formato da cotone organico e viscosa, mentre l&#8217;anima interna \u00e8 composta dalla combinazione dei migliori materiali Myform per assicurare il riposo perfetto.<\/p>\n","protected":false},"excerpt":{"rendered":"<p>Materasso Dorelan Arial<\/p>\n","protected":false},"featured_media":5471,"comment_status":"open","ping_status":"closed","template":"","meta":{"site-sidebar-layout":"default","site-content-layout":"default","ast-global-header-display":"","ast-main-header-display":"","ast-hfb-above-header-display":"","ast-hfb-below-header-display":"","ast-hfb-mobile-header-display":"","site-post-title":"","ast-breadcrumbs-content":"","ast-featured-img":"","footer-sml-layout":"","theme-transparent-header-meta":"default","adv-header-id-meta":"","stick-header-meta":"","header-above-stick-meta":"","header-main-stick-meta":"","header-below-stick-meta":""},"product_cat":[46,45],"product_tag":[],"_links":{"self":[{"href":"https:\/\/materassimaxbel.it\/index.php?rest_route=\/wp\/v2\/product\/5470"}],"collection":[{"href":"https:\/\/materassimaxbel.it\/index.php?rest_route=\/wp\/v2\/product"}],"about":[{"href":"https:\/\/materassimaxbel.it\/index.php?rest_route=\/wp\/v2\/types\/product"}],"replies":[{"embeddable":true,"href":"https:\/\/materassimaxbel.it\/index.php?rest_route=%2Fwp%2Fv2%2Fcomments&post=5470"}],"wp:featuredmedia":[{"embeddable":true,"href":"https:\/\/materassimaxbel.it\/index.php?rest_route=\/wp\/v2\/media\/5471"}],"wp:attachment":[{"href":"https:\/\/materassimaxbel.it\/index.php?rest_route=%2Fwp%2Fv2%2Fmedia&parent=5470"}],"wp:term":[{"taxonomy":"product_cat","embeddable":true,"href":"https:\/\/materassimaxbel.it\/index.php?rest_route=%2Fwp%2Fv2%2Fproduct_cat&post=5470"},{"taxonomy":"product_tag","embeddable":true,"href":"https:\/\/materassimaxbel.it\/index.php?rest_route=%2Fwp%2Fv2%2Fproduct_tag&post=5470"}],"curies":[{"name":"wp","href":"https:\/\/api.w.org\/{rel}","templated":true}]}}