{"id":43,"date":"2023-02-25T10:58:11","date_gmt":"2023-02-25T09:58:11","guid":{"rendered":"https:\/\/materassimaxbel.it\/?page_id=43"},"modified":"2023-03-17T16:11:59","modified_gmt":"2023-03-17T15:11:59","slug":"privacy","status":"publish","type":"page","link":"https:\/\/materassimaxbel.it\/?page_id=43","title":{"rendered":"Privacy &#038; Cookies"},"content":{"rendered":"\t\t<div data-elementor-type=\"wp-page\" data-elementor-id=\"43\" class=\"elementor elementor-43\">\n\t\t\t\t\t\t\t\t\t<section class=\"elementor-section elementor-top-section elementor-element elementor-element-6afbbc07 elementor-section-boxed elementor-section-height-default elementor-section-height-default\" data-id=\"6afbbc07\" data-element_type=\"section\" data-settings=\"{&quot;background_background&quot;:&quot;classic&quot;}\">\n\t\t\t\t\t\t<div class=\"elementor-container elementor-column-gap-default\">\n\t\t\t\t\t<div class=\"elementor-column elementor-col-100 elementor-top-column elementor-element elementor-element-46d3a5c8\" data-id=\"46d3a5c8\" data-element_type=\"column\">\n\t\t\t<div class=\"elementor-widget-wrap elementor-element-populated\">\n\t\t\t\t\t\t\t\t<div class=\"elementor-element elementor-element-8b67ef3 elementor-widget elementor-widget-heading\" data-id=\"8b67ef3\" data-element_type=\"widget\" data-widget_type=\"heading.default\">\n\t\t\t\t<div class=\"elementor-widget-container\">\n\t\t\t<style>\/*! elementor - v3.12.2 - 23-04-2023 *\/\n.elementor-heading-title{padding:0;margin:0;line-height:1}.elementor-widget-heading .elementor-heading-title[class*=elementor-size-]>a{color:inherit;font-size:inherit;line-height:inherit}.elementor-widget-heading .elementor-heading-title.elementor-size-small{font-size:15px}.elementor-widget-heading .elementor-heading-title.elementor-size-medium{font-size:19px}.elementor-widget-heading .elementor-heading-title.elementor-size-large{font-size:29px}.elementor-widget-heading .elementor-heading-title.elementor-size-xl{font-size:39px}.elementor-widget-heading .elementor-heading-title.elementor-size-xxl{font-size:59px}<\/style><h1 class=\"elementor-heading-title elementor-size-default\">Privacy e Cookies<\/h1>\t\t<\/div>\n\t\t\t\t<\/div>\n\t\t\t\t<div class=\"elementor-element elementor-element-65790a1 elementor-widget elementor-widget-text-editor\" data-id=\"65790a1\" data-element_type=\"widget\" data-widget_type=\"text-editor.default\">\n\t\t\t\t<div class=\"elementor-widget-container\">\n\t\t\t<style>\/*! elementor - v3.12.2 - 23-04-2023 *\/\n.elementor-widget-text-editor.elementor-drop-cap-view-stacked .elementor-drop-cap{background-color:#69727d;color:#fff}.elementor-widget-text-editor.elementor-drop-cap-view-framed .elementor-drop-cap{color:#69727d;border:3px solid;background-color:transparent}.elementor-widget-text-editor:not(.elementor-drop-cap-view-default) .elementor-drop-cap{margin-top:8px}.elementor-widget-text-editor:not(.elementor-drop-cap-view-default) .elementor-drop-cap-letter{width:1em;height:1em}.elementor-widget-text-editor .elementor-drop-cap{float:left;text-align:center;line-height:1;font-size:50px}.elementor-widget-text-editor .elementor-drop-cap-letter{display:inline-block}<\/style>\t\t\t\t<p><span style=\"font-style: inherit; color: var(--ast-global-color-3); background-color: var(--ast-global-color-4);\">Materassi Maxbel tiene in buon conto la privacy dei suoi clienti e dei visitatori del sito web. Uno qualsiasi dei seguenti dati personali che possono essere messi a disposizione dei nostri uffici di riferimento durante le navigazione del sito sar\u00e0 mantenuto confidenziale :<\/span><\/p>\n<ul>\n<li>Cognome e nome<\/li>\n<li>Indirizzi di casa, azienda , postale o ogni altro indirizzo<\/li>\n<li>Informazioni di contatti tipo telefono, fax, email, o informazioni smilari<\/li>\n<\/ul>\n<p><strong>ART 13 COMMA 1 LETTERA A &#8211; B DEL GDPR ( GENERAL DATA PROTECTION REGULATION )<\/strong><\/p>\n<p>Materassi Maxbel opera, per il tramite del suo Legale Rappresentante, come Titolare del trattamento dei dati personali e puo\u0300 essere contattato all&#8217;indirizzo maxbelmaterassi@gmail.com.<\/p>\n<p>Il Titolare ha nominato un Data Protection Officer che puo\u0300 essere contattato all&#8217;indirizzo email maxbelmaterassi@gmail.com<br>Oppure al telefono: +39 0376 62 05 01&nbsp;<\/p>\n<p>Materassi Maxbel da\u0300 la possibilita\u0300 di accordare o rifiutare di fornire i vostri dati personali via internet. Vi informeremo sulle finalita\u0300 della raccolta e non intendiamo trasferire i vostri dati personali a terze parti senza il vostro consenso, eccetto le sotto indicate condizioni descritte in &#8220;Condivisione e divulgazione delle informazioni &#8221; che trovate piu\u0300 avanti. Se la vostra scelta e\u0300 quella di fornirci le vostre informazioni personali, noi avremo facolta\u0300 di trasferire queste informazioni all&#8217;interno della nostra azienda e ad aziende terze fornitrici di servizi.<\/p>\n<p><strong>RACCOLTA DI INFORMAZIONI SUL DOMINIO<\/strong><\/p>\n<p>Materassi Maxbel puo\u0300 raccogliere informazioni di dominio per renderci noto ed analizzare in che modo gli utenti utilizzano questo sito. Questi dati ci consentono di avere maggiore familiarita\u0300 con coloro che visitano il nostro sito, quanto spesso lo fanno e quali parti del sito visitano maggiormente. Utilizzeremo questa informazioni per migliorare le nostre proposte basate sul web. Queste informazioni vengono raccolte automaticamente e non richiedono alcun vostro intervento.<\/p>\n<p><strong>GOOGLE ANALYTICS<\/strong><\/p>\n<p>Questo sito utilizza Google Analytics che \u00e8 un servizio messo a disposizione da Google . Google Analytics utilizza \u201ccookies\u201d che non sono altro che files di testo salvati sul vostro computer, per aiutarci ad analizzare come voi utenti usate il sito . Le informazioni generate tramite i cookies circa l\u2019uso che fate del sito ( incluso il vostro IP address) verranno trasmessi e memorizzati da Google sui loro server . Google li utilizza per l\u2019uso che fate del sito , fornire report sulla attivit\u00e0 del sito e fornire altri servizi relativi alla attivit\u00e0 complessiva del sito e l\u2019uso di internet. Google pu\u00f2 trasferire questi dati a terze parti se ci\u00f2 \u00e8 consentito dalle norme , o qualora trattino le informazioni per conto di Google. Google non assocer\u00e0 il vostro indirizzo Ip a nessun altro . Voi potete rifiutare l\u2019uso dei cookies utilizzando funzioni appropriate presenti sul vostro browser; facciamo presente che, in questo caso, potreste non essere in grado di utilizzare tutte le funzioni di questo sito . Utilizzando questo sito Web , voi consentite che i dati a voi relativi siano elaborati da Google nel modo e per gli scopi indicati in precedenza.<\/p>\n<p><strong>I COOKIES<\/strong><\/p>\n<p>Si dividono in 2 categorie: tecnici o di profilazione.<br>I primi garantiscono la normale navigazione e fruizione del sito (permettono ad esempio di eseguire acquisti o accedere ad aree riservate). Senza il ricorso a questi cookies alcune operazioni potrebbero non essere possibili.<br>I cookies di profilazione creano profili relativi all\u2019utente e si utilizzano per inviare messaggi pubblicitari in linea con le preferenze del cliente o per analisi e reportistica dettagliata nell\u2019ambito della navigazione in rete.&nbsp;<\/p>\n<p>Vengono utilizzati dal nostro sito internet sia cookies tecnici che di terze parti e, qualora l\u2019utente abbia manifestato il proprio consenso esplicito e informato, anche I cookies di profilazione.<br>L&#8217;utente puo\u0300, in ogni momento fare la gestione (disattivazione , cancellazione, ecc.) dei cookies modificando le impostazioni del proprio browser; per fare cio\u0300 occorre riferirsi al manuale del proprio dispositivo .<br>Si ricorda che, in ottemperanza a quanto disposto dalla vigente normativa, per la installazione di cookies tecnici non e\u0300 necessario alcun consenso.&nbsp;<\/p>\n<p>I cookies analitici e di profilazione sono impiegati per rilevare informazioni degli utenti sul sito; la rilevazione avviene in forma anonima, per monitorare le prestazioni e la usabilita\u0300 del sito oltre a proporre messaggi pubblicitari in linea con le scelte manifestate dagli utenti.<\/p>\n<p><strong>CONDIVISIONE E DIVULGAZIONE DELLE INFORMAZIONI<\/strong><\/p>\n<p>I vostro dati personali non verranno scambiati al di fuori di MaxBel Shop se non con il vostro consenso , ad eccezione delle condizioni sotto elencate :<\/p>\n<ul>\n<li>Condividere I vostro dati personali con un servizio di terzi che opera per noi per servire voi<\/li>\n<li>Nel caso ci richiediate di fornirvi un prodotto o un servizio<\/li>\n<\/ul>\n<p>MaxBel Shop si impegna a proteggere i vostri dati personali; tuttavia vi esortiamo a prendere qualsiasi precauzione per proteggere i vostri dati quando vi trovate ad operare in Internet.<br>I dati personali degli interessai sono conservati in archivi informatizzati o cartacei, in ogni caso, allocate in territorio U.E.<\/p>\n<p><strong>DIRITTI DELL\u2019INTERESSATO<\/strong><\/p>\n<p>L\u2019interessato ha diritto di ottenere dal titolare del trattamento quanto sotto:<br>Conferma che sia o meno in corso un trattamento di dati personali che lo riguardano . con quail finalit\u00e0 , con indicazione delle tipologie di dati personali , I destinatari e il period di conservazione .<br>Ha inoltre il diritto di ottenere la rettifica dei dati personali se inesatti o la loro cancellazione ( art 17 GDPR).<br>Pu\u00f2 ricevere, su richiesta, I propri dati personali in un format strutturato e leggibile da dispositivo automatico.<br>In ogni caso le richieste vanno inoltrate all\u2019indirizzo e mail privacy@maxbelshop.com<\/p>\t\t\t\t\t\t<\/div>\n\t\t\t\t<\/div>\n\t\t\t\t\t<\/div>\n\t\t<\/div>\n\t\t\t\t\t\t\t<\/div>\n\t\t<\/section>\n\t\t\t\t\t\t\t<\/div>\n\t\t","protected":false},"excerpt":{"rendered":"<p>Privacy e Cookies Materassi Maxbel tiene in buon conto la privacy dei suoi clienti e dei visitatori del sito web. Uno qualsiasi dei seguenti dati personali che possono essere messi a disposizione dei nostri uffici di riferimento durante le navigazione del sito sar\u00e0 mantenuto confidenziale : Cognome e nome Indirizzi di casa, azienda , postale &hellip;<\/p>\n<p class=\"read-more\"> <a class=\"\" href=\"https:\/\/materassimaxbel.it\/?page_id=43\"> <span class=\"screen-reader-text\">Privacy &#038; Cookies<\/span> Read More &raquo;<\/a><\/p>\n","protected":false},"author":1,"featured_media":46,"parent":0,"menu_order":0,"comment_status":"closed","ping_status":"closed","template":"elementor_header_footer","meta":{"site-sidebar-layout":"default","site-content-layout":"default","ast-global-header-display":"","ast-main-header-display":"","ast-hfb-above-header-display":"","ast-hfb-below-header-display":"","ast-hfb-mobile-header-display":"","site-post-title":"","ast-breadcrumbs-content":"","ast-featured-img":"","footer-sml-layout":"","theme-transparent-header-meta":"","adv-header-id-meta":"","stick-header-meta":"","header-above-stick-meta":"","header-main-stick-meta":"","header-below-stick-meta":""},"_links":{"self":[{"href":"https:\/\/materassimaxbel.it\/index.php?rest_route=\/wp\/v2\/pages\/43"}],"collection":[{"href":"https:\/\/materassimaxbel.it\/index.php?rest_route=\/wp\/v2\/pages"}],"about":[{"href":"https:\/\/materassimaxbel.it\/index.php?rest_route=\/wp\/v2\/types\/page"}],"author":[{"embeddable":true,"href":"https:\/\/materassimaxbel.it\/index.php?rest_route=\/wp\/v2\/users\/1"}],"replies":[{"embeddable":true,"href":"https:\/\/materassimaxbel.it\/index.php?rest_route=%2Fwp%2Fv2%2Fcomments&post=43"}],"version-history":[{"count":10,"href":"https:\/\/materassimaxbel.it\/index.php?rest_route=\/wp\/v2\/pages\/43\/revisions"}],"predecessor-version":[{"id":5914,"href":"https:\/\/materassimaxbel.it\/index.php?rest_route=\/wp\/v2\/pages\/43\/revisions\/5914"}],"wp:featuredmedia":[{"embeddable":true,"href":"https:\/\/materassimaxbel.it\/index.php?rest_route=\/wp\/v2\/media\/46"}],"wp:attachment":[{"href":"https:\/\/materassimaxbel.it\/index.php?rest_route=%2Fwp%2Fv2%2Fmedia&parent=43"}],"curies":[{"name":"wp","href":"https:\/\/api.w.org\/{rel}","templated":true}]}}